{"id":5,"date":"2013-10-16T07:19:32","date_gmt":"2013-10-16T07:19:32","guid":{"rendered":"http:\/\/enlacesdeinteres.zeus.umh.es\/presentacion\/"},"modified":"2020-06-08T05:19:13","modified_gmt":"2020-06-08T03:19:13","slug":"presentacion","status":"publish","type":"page","link":"https:\/\/enlacesdeinteres.umh.es\/ca\/","title":{"rendered":""},"content":{"rendered":"<p><\/p>\n<table style=\"margin: auto; margin-bottom: 25px; border: none;\" width=\"700\" align=\"left\">\n<tbody>\n<tr>\n<td style=\"text-align: left; border: none; background: transparent;\" colspan=\"2\"><a name=\"publicacionesoficiales_val\"><\/a><img loading=\"lazy\" src=\"https:\/\/enlacesdeinteres.umh.es\/files\/2014\/02\/publicacionsoficials.png\" alt=\"cabecera_po_valenciano\" width=\"383\" height=\"150\" \/><\/td>\n<\/tr>\n<tr>\n<td style=\"border: none; border-top: 1px solid #000000;\" colspan=\"2\" height=\"20px\"><\/td>\n<\/tr>\n<tr>\n<td style=\"border: none; background-color: transparent; width: 30%; height: 100px; vertical-align: middle;\"><a href=\"http:\/\/universite.umh.es\/boumh\/\"><img class=\"alignright\" src=\"https:\/\/enlacesdeinteres.umh.es\/files\/2014\/02\/botonesredondo-valenciano-01.png\" alt=\"boumh_po_valenciano\" \/><\/a><\/td>\n<td style=\"text-align: justify; border: none; background: transparent; width: 70%; height: 100px; vertical-align: middle;\">El Butllet\u00ed Oficial (BOUMH) \u00e9s el diari oficial de la Universitat Miguel Hern\u00e1ndez d\u2019Elx i t\u00e9 com a objecte la publicaci\u00f3 de les resolucions i acords d\u2019inter\u00e9s general per a la Comunitat Universit\u00e0ria que siguen dictats pels \u00f2rgans de govern de la UMH.<\/td>\n<\/tr>\n<tr>\n<td style=\"text-align: left; border: none; background: transparent;\" colspan=\"2\"><a name=\"audiovisual_val\"><\/a><img loading=\"lazy\" src=\"https:\/\/enlacesdeinteres.umh.es\/files\/2014\/02\/umhaudiovisual.png\" alt=\"cabecera_av_valenciano\" width=\"400\" height=\"186\" \/><\/td>\n<\/tr>\n<tr>\n<td style=\"border: none; border-top: 1px solid #000000;\" colspan=\"2\" height=\"20px\"><\/td>\n<\/tr>\n<tr>\n<td style=\"text-align: center; border: none; background: transparent; width: 30%; height: 100px; vertical-align: middle;\"><a href=\"http:\/\/www.youtube.com\/user\/InnovacionDocenteUMH\"><img class=\"size-full wp-image-41 alignright\" src=\"https:\/\/enlacesdeinteres.umh.es\/files\/2014\/02\/botonesredondo-valenciano-05.png\" alt=\"youtube_av_valenciano\" \/><\/a><\/td>\n<td style=\"text-align: justify; border: none; background: transparent; width: 70%; height: 100px; vertical-align: middle;\">El nostre canal educacional en Youtube compta amb actualitzacions di\u00e0ries de v\u00eddeos amb contingut docent, de divulgaci\u00f3 cient\u00edfica, institucional, etc.<\/td>\n<\/tr>\n<tr>\n<td style=\"border: none; background-color: transparent; width: 30%; height: 100px; vertical-align: middle;\"><a href=\"http:\/\/audiovisuales.umh.es\/consulta-audiovisual\/pages\/consulta.xhtml\"><img class=\"size-full wp-image-39 alignright\" src=\"https:\/\/enlacesdeinteres.umh.es\/files\/2013\/10\/fondo_audiovisual_val_av.png\" alt=\"umhtv_av\" \/><\/a><\/td>\n<td style=\"text-align: justify; border: none; background: transparent; width: 70%; height: 100px; vertical-align: middle;\">L&#8217;Arxiu Audiovisual de la UMH el formen els documents sonors i en imatge produ\u00efts per la Universitat. Pots consultar un gran nombre de fotografies, \u00e0udios i v\u00eddeos relacionats amb l&#8217;activitat universit\u00e0ria.<\/td>\n<\/tr>\n<tr>\n<td style=\"border: none; background-color: transparent; width: 30%; height: 100px; vertical-align: middle;\"><a href=\"https:\/\/umhtv.umh.es\/novedades\/\"><img class=\"alignright\" src=\"https:\/\/enlacesdeinteres.umh.es\/files\/2014\/02\/botonesredondo-valenciano-03.png\" alt=\"umhtv_av_valenciano\" \/><\/a><\/td>\n<td style=\"text-align: justify; border: none; background: transparent; width: 70%; height: 100px; vertical-align: middle;\">UMH TV \u00e9s el canal audiovisual de la Universitat Miguel Hern\u00e1ndez. En esta secci\u00f3 trobar\u00e0s un informatiu setmanal amb l\u2019actualitat de la UMH i diferents reportatges.<\/td>\n<\/tr>\n<tr>\n<td style=\"border: none; background-color: transparent; width: 30%; height: 100px; vertical-align: middle;\"><a href=\"https:\/\/radio.umh.es\/\"><img class=\"alignright\" src=\"https:\/\/enlacesdeinteres.umh.es\/files\/2014\/02\/botonesredondo-valenciano-04.png\" alt=\"umhradio_av_valenciano\" \/><\/a><\/td>\n<td style=\"border: none; background-color: transparent; width: 70%; height: 100px; vertical-align: middle; text-align: justify;\">UMH R\u00e0dio \u00e9s l\u2019altaveu de la Universitat. La informaci\u00f3, l\u2019esport, la cultura, la investigaci\u00f3 i per descomptat l\u2019actualitat universit\u00e0ria tenen cabuda en una completa programaci\u00f3 radiof\u00f2nica.<\/td>\n<\/tr>\n<tr>\n<td style=\"border: none; background-color: transparent; width: 30%; height: 100px; vertical-align: middle;\"><a href=\"https:\/\/itunes.umh.es\/\"><img class=\"alignright\" src=\"https:\/\/enlacesdeinteres.umh.es\/files\/2014\/02\/botonesredondo-valenciano-06.png\" alt=\"itunes_av_valenciano\" \/><\/a><\/td>\n<td style=\"text-align: justify; border: none; background: transparent; width: 70%; height: 100px; vertical-align: middle;\">La plataforma d\u2019Apple iTunesU de la UMH s\u2019ha posicionat com la 4a Universitat de parla hispana en l\u2019oferta de cursos. Descobrix este nou univers des del teu m\u00f2bil o tablet.<\/td>\n<\/tr>\n<tr>\n<td style=\"text-align: center; border: none; background: transparent; width: 30%; height: 100px; vertical-align: middle;\"><a href=\"http:\/\/ocw.umh.es\/\"><img class=\"alignright\" src=\"https:\/\/enlacesdeinteres.umh.es\/files\/2014\/02\/botonesredondo-valenciano-07.png\" alt=\"OCW_av_valenciano\" \/><\/a><\/td>\n<td style=\"text-align: justify; border: none; background: transparent; width: 70%; height: 100px; vertical-align: middle;\">El portal OCW de la nostra Universitat \u00e9s un espai web amb materials docents creats per professors de la UMH en obert.<\/td>\n<\/tr>\n<tr>\n<td style=\"text-align: left; border: none; background: transparent;\" colspan=\"2\"><a name=\"empresas_val\"><\/a><img loading=\"lazy\" src=\"https:\/\/enlacesdeinteres.umh.es\/files\/2014\/02\/umhempreses.png\" alt=\"umhempreses_valenciano\" width=\"430\" height=\"186\" \/><\/td>\n<\/tr>\n<tr>\n<td style=\"border: none; border-top: 1px solid #000000;\" colspan=\"3\" height=\"20px\"><\/td>\n<\/tr>\n<tr>\n<td style=\"border: none; background-color: transparent; width: 30%; height: 100px; vertical-align: middle;\"><a href=\"http:\/\/www.parquecientificoumh.es\/ca\"><img loading=\"lazy\" class=\"wp-image-257 size-full alignright\" src=\"https:\/\/enlacesdeinteres.umh.es\/files\/2018\/05\/parc-cientific-14.png\" alt=\"\" width=\"236\" height=\"66\" \/><\/a><\/td>\n<td style=\"text-align: justify; border: none; background: transparent; width: 70%; height: 120px; vertical-align: middle;\">El Parc Cient\u00edfic de la UMH, gestionat per la Fundaci\u00f3 UMH, treballa per promoure la creaci\u00f3 i consolidaci\u00f3 d&#8217;empreses innovadores i basades en la tecnologia. Ofereix totes les infraestructures i serveis de suport necessaris per al creixement empresarial, el seguiment estrat\u00e8gic, el suport en la recerca de finan\u00e7ament i internacionalitzaci\u00f3, etc.<\/td>\n<\/tr>\n<tr>\n<td style=\"border: none; background-color: transparent; width: 30%; height: 120px; vertical-align: middle;\"><a href=\"https:\/\/otri.umh.es\/\"> <img class=\"alignright\" src=\"https:\/\/enlacesdeinteres.umh.es\/files\/2014\/02\/botonesredondo-valenciano-16.png\" alt=\"otri_ue_valenciano\" \/> <\/a><\/td>\n<td style=\"text-align: justify; border: none; background: transparent; width: 70%; height: 100px; vertical-align: middle;\">El Servei de Gesti\u00f3 de la Investigaci\u00f3 &#8211; OTRI, actua com a unitat d\u2019enlla\u00e7 entre la Universitat i les empreses i institucions per a promoure accions d\u2019I+D i de Transfer\u00e8ncia de Coneixement.<\/td>\n<\/tr>\n<tr>\n<td style=\"border: none; background-color: transparent; width: 30%; height: 120px; vertical-align: middle;\"><a href=\"http:\/\/www.parquecientificoumh.es\/ca\/la-nau-de-la-innovacio-0\"><img loading=\"lazy\" class=\"alignright wp-image-260 size-full\" src=\"https:\/\/enlacesdeinteres.umh.es\/files\/2018\/05\/impuls-als-emprendedors.png\" alt=\"\" width=\"238\" height=\"66\" \/><\/a><\/td>\n<td style=\"text-align: justify; border: none; background: transparent; width: 70%; height: 100px; vertical-align: middle;\">L&#8217;\u00c0rea d&#8217;Emprenedors del Parc Cient\u00edfic de la UMH d\u00f3na suport a emprenedors que compten amb projectes innovadors o tecnol\u00f2gics tant de la comunitat universit\u00e0ria com externs. Amb aquest objectiu, gestiona la Marat\u00f3 i el Sprint de Creaci\u00f3 d&#8217;Empreses de la UMH i coordina el programa nacional &#8220;Explorer Joves amb Idees&#8221; a la UMH.<\/td>\n<\/tr>\n<tr>\n<td style=\"border: none; background-color: transparent; width: 30%; height: 120px; vertical-align: middle;\"><a href=\"https:\/\/observatorio.umh.es\/empresas\/\"> <img class=\"alignright\" src=\"https:\/\/enlacesdeinteres.umh.es\/files\/2014\/02\/botonesredondo-valenciano-13.png\" alt=\"practicas_empresas_ue_valenciano\" \/><\/a><\/td>\n<td style=\"text-align: justify; border: none; background: transparent; width: 70%; height: 100px; vertical-align: middle;\">L\u2019Observatori Ocupacional de la UMH gestiona les pr\u00e0ctiques dels estudiants gr\u00e0cies als m\u00e9s de 7.000 convenis de col\u00b7laboraci\u00f3 amb empreses i institucions. Tamb\u00e9 s\u2019encarrega de promocionar les relacions universitat-empresa a trav\u00e9s de convenis de cooperaci\u00f3 educativa, de la borsa de treball i de les Jornades d\u2019Ocupaci\u00f3.<\/td>\n<\/tr>\n<tr>\n<td style=\"text-align: left; border: none; background: transparent;\" colspan=\"3\"><a name=\"divulgacioncientifica_val\"><\/a><img loading=\"lazy\" src=\"https:\/\/enlacesdeinteres.umh.es\/files\/2014\/02\/divulgaciocientifica.png\" alt=\"divulgacioncientifica_valenciano\" width=\"434\" height=\"170\" \/><\/td>\n<\/tr>\n<tr>\n<td style=\"border: none; border-top: 1px solid #000000;\" colspan=\"3\" height=\"20px\"><\/td>\n<\/tr>\n<tr>\n<td style=\"border: none; background-color: transparent; width: 30%; height: 100px; vertical-align: middle;\"><a href=\"http:\/\/www.umhsapiens.com\/\"> <img class=\"alignright\" src=\"https:\/\/enlacesdeinteres.umh.es\/files\/2014\/02\/botonesredondo-valenciano-08.png\" alt=\"umhsapiens_dc_valenciano\" \/> <\/a><\/td>\n<td style=\"text-align: justify; border: none; background: transparent; width: 70%; height: 100px; vertical-align: middle;\">La revista digital UMH Sapiens arreplega els avan\u00e7os i resultats aconseguits pels diferents grups d\u2019investigaci\u00f3 i experts de la Universitat Miguel Hern\u00e1ndez i els connecta amb l\u2019actualitat i interessos de la societat.<\/td>\n<\/tr>\n<tr>\n<td style=\"border: none; background-color: transparent; width: 30%; height: 100px; vertical-align: middle;\"><a href=\"https:\/\/radio.umh.es\/divulgacion-cientifica-2\/\"> <img class=\"size-full wp-image-41 alignright\" src=\"https:\/\/enlacesdeinteres.umh.es\/files\/2014\/02\/botonesredondo-valenciano-09.png\" alt=\"radiociencia_dc_valenciano\" \/> <\/a><\/td>\n<td style=\"text-align: justify; border: none; background: transparent; width: 70%; height: 100px; vertical-align: middle;\">La R\u00e0dio Universit\u00e0ria UMH a trav\u00e9s de la seua programaci\u00f3, mitjans, mecanismes i estrat\u00e8gies ha de facilitar que la labor investigadora transcendisca, mostrant a la societat el treball que es desenvolupa en una instituci\u00f3 p\u00fablica.<\/td>\n<\/tr>\n<tr>\n<td style=\"border: none; background-color: transparent; width: 30%; height: 100px; vertical-align: middle;\"><a href=\"https:\/\/comunicacion.umh.es\/ciencia\/blogs-de-divulgacion-cientifica\/\"> <img class=\"alignright\" src=\"https:\/\/enlacesdeinteres.umh.es\/files\/2014\/02\/botonesredondo-valenciano-10.png\" alt=\"radiociencia_dc_valenciano\" \/> <\/a><\/td>\n<td style=\"text-align: justify; border: none; background: transparent; width: 70%; height: 100px; vertical-align: middle;\">Enlla\u00e7os als diferents blogs de divulgaci\u00f3 cient\u00edfica relacionats amb la Universitat Miguel Hern\u00e1ndez.<\/td>\n<\/tr>\n<tr>\n<td style=\"border: none; background-color: transparent; width: 30%; height: 100px; vertical-align: middle;\"><a href=\"https:\/\/editorial.umh.es\/\"> <img class=\"alignright\" src=\"https:\/\/enlacesdeinteres.umh.es\/files\/2014\/02\/botonesredondo-valenciano-11.png\" alt=\"editorial_umh_valenciano\" \/><\/a><\/td>\n<td style=\"text-align: justify; border: none; background: transparent; width: 70%; height: 100px; vertical-align: middle;\">La Universitat Miguel Hern\u00e1ndez posa a disposici\u00f3 de la Comunitat Universit\u00e0ria la possibilitat de publicar llibres que reflectisquen l\u2019activitat docent i investigadora de la mateixa, contribuint a la difusi\u00f3 del coneixement generat en el seu s\u00ed.<\/td>\n<\/tr>\n<tr>\n<td style=\"text-align: left; border: none; background: transparent;\" colspan=\"3\"><a name=\"formaciononline\"><\/a><img src=\"https:\/\/enlacesdeinteres.umh.es\/files\/2013\/10\/cab-val.png\" alt=\"\" width=\"434\" \/><\/td>\n<\/tr>\n<tr>\n<td style=\"border: none; border-top: 1px solid #000000;\" colspan=\"3\" height=\"20px\"><\/td>\n<\/tr>\n<tr>\n<td style=\"text-align: center; border: none; background: transparent; width: 30%; height: 100px; vertical-align: middle;\"><a href=\"http:\/\/edx.umh.es\/\"><img class=\"size-full wp-image-41 alignright\" src=\"https:\/\/enlacesdeinteres.umh.es\/files\/2013\/10\/mooc-20.png\" alt=\"edx_av\" \/><\/a><\/td>\n<td style=\"text-align: justify; border: none; background: transparent; width: 70%; height: 100px; vertical-align: middle;\">EdX \u00e9s un projecte sense \u00e0nim de lucre creat pels fundadors associats Harvard i MIT la missi\u00f3 del qual \u00e9s portar el millor de l&#8217;educaci\u00f3 superior a estudiants de totes les edats en qualsevol part del m\u00f3n a trav\u00e9s d&#8217;Internet. Els cursos en l\u00ednia massius de la plataforma EdX s\u00f3n interactius i els seus temes inclouen ci\u00e8ncies de la computaci\u00f3, salut p\u00fablica i intel\u00b7lig\u00e8ncia artificial.<\/td>\n<\/tr>\n<tr>\n<td style=\"text-align: center; border: none; background: transparent; width: 30%; height: 100px; vertical-align: middle;\"><a href=\"http:\/\/www.youtube.com\/user\/InnovacionDocenteUMH\"><img class=\"size-full wp-image-41 alignright\" src=\"https:\/\/enlacesdeinteres.umh.es\/files\/2013\/12\/youtube_av.jpg\" alt=\"youtube_av\" \/><\/a><\/td>\n<td style=\"text-align: justify; border: none; background: transparent; width: 70%; height: 100px; vertical-align: middle;\">El nostre canal educacional en Youtube compta amb actualitzacions di\u00e0ries de v\u00eddeos amb contingut docent, de divulgaci\u00f3 cient\u00edfica, institucional, etc.<\/td>\n<\/tr>\n<tr>\n<td style=\"border: none; background-color: transparent; width: 30%; height: 100px; vertical-align: middle;\"><a href=\"https:\/\/itunes.apple.com\/WebObjects\/DZR.woa\/wa\/viewArtist?id=531993451\"><img class=\"size-full wp-image-37 alignright\" src=\"https:\/\/enlacesdeinteres.umh.es\/files\/2013\/12\/itunes_av.jpg\" alt=\"itunes_av\" \/><\/a><\/td>\n<td style=\"text-align: justify; border: none; background: transparent; width: 70%; height: 100px; vertical-align: middle;\">La plataforma d&#8217;Apple iTunesU de la UMH s&#8217;ha posicionat com la 4a Universitat de parla hispana en l&#8217;oferta de cursos. Descobrix este nou univers des del teu m\u00f2bil o tablet.<\/td>\n<\/tr>\n<tr>\n<td style=\"text-align: center; border: none; background: transparent; width: 30%; height: 100px; vertical-align: middle;\"><a href=\"http:\/\/ocw.umh.es\/\"><img class=\"size-full wp-image-38 alignright\" src=\"https:\/\/enlacesdeinteres.umh.es\/files\/2013\/12\/OCW_av.jpg\" alt=\"OCW_av\" \/><\/a><\/td>\n<td style=\"text-align: justify; border: none; background: transparent; width: 70%; height: 100px; vertical-align: middle;\">El portal OCW de la nostra Universitat \u00e9s un espai web amb materials docents creats per professors de la UMH en obert.<\/td>\n<\/tr>\n<\/tbody>\n<\/table>\n<p><\/p>","protected":false},"excerpt":{"rendered":"<p>P\u00e1gina de presentaci\u00f3n de la unidad organizativa<\/p>\n","protected":false},"author":1,"featured_media":0,"parent":0,"menu_order":0,"comment_status":"closed","ping_status":"open","template":"page-template-fullwidth.php","meta":{"_links_to":"","_links_to_target":""},"_links":{"self":[{"href":"https:\/\/enlacesdeinteres.umh.es\/ca\/wp-json\/wp\/v2\/pages\/5"}],"collection":[{"href":"https:\/\/enlacesdeinteres.umh.es\/ca\/wp-json\/wp\/v2\/pages"}],"about":[{"href":"https:\/\/enlacesdeinteres.umh.es\/ca\/wp-json\/wp\/v2\/types\/page"}],"author":[{"embeddable":true,"href":"https:\/\/enlacesdeinteres.umh.es\/ca\/wp-json\/wp\/v2\/users\/1"}],"replies":[{"embeddable":true,"href":"https:\/\/enlacesdeinteres.umh.es\/ca\/wp-json\/wp\/v2\/comments?post=5"}],"version-history":[{"count":0,"href":"https:\/\/enlacesdeinteres.umh.es\/ca\/wp-json\/wp\/v2\/pages\/5\/revisions"}],"wp:attachment":[{"href":"https:\/\/enlacesdeinteres.umh.es\/ca\/wp-json\/wp\/v2\/media?parent=5"}],"curies":[{"name":"wp","href":"https:\/\/api.w.org\/{rel}","templated":true}]}}